{"id":3166,"date":"2023-02-20T21:04:39","date_gmt":"2023-02-20T19:04:39","guid":{"rendered":"https:\/\/www.niklas.folkegard.se\/?page_id=3166"},"modified":"2023-02-24T17:21:38","modified_gmt":"2023-02-24T15:21:38","slug":"blender","status":"publish","type":"page","link":"https:\/\/www.niklas.folkegard.se\/?page_id=3166","title":{"rendered":"blender"},"content":{"rendered":"\n<p>Blender \u00e4r ett m\u00e5ngsidigt verktyg f\u00f6r 3D-grafik, animation, specialeffekter och mycket mer. Det har \u00f6ppen k\u00e4llkod och \u00e4r gratis att ladda ner.<\/p>\n\n\n\n<p>Jag undervisar i <a href=\"http:\/\/blender.org\">Blender 3D<\/a> p\u00e5 <a href=\"http:\/\/hig.se\">H\u00f6gskolan i G\u00e4vle<\/a>. Det \u00e4r en 7,5 hp-kurs som g\u00e5r p\u00e5 kvartsfart och som brukar g\u00e5 p\u00e5 h\u00f6stterminen. L\u00e4s mer om kursen p\u00e5 <a href=\"http:\/\/www.open3dcourse.se\/\">open3dcourse.se<\/a> eller g\u00e5 direkt till <a href=\"https:\/\/www.antagning.se\">antagning.se<\/a> och leta fram kursen d\u00e4r. Den heter &#8220;3d-modellering och animation i open source-milj\u00f6&#8221;<\/p>\n\n\n\n<p>Du kan k\u00f6pa min bok <strong>3D-grafik med Blender<\/strong> genom <a href=\"https:\/\/www.studentlitteratur.se\/kurslitteratur\/teknik-datorer-it-och-bygg\/webbutveckling-och-anvandbarhet\/3d-grafik-med-blender\/\">Studentlitteratur<\/a> eller i bokhandeln p\u00e5 n\u00e4tet och i verkligheten.<\/p>\n\n\n\n<p>Jag kan \u00e4ven g\u00f6ra kortare workshops p\u00e5 best\u00e4llning. St\u00f6rre uppdragsutbildningar g\u00e5r bra att best\u00e4lla genom H\u00f6gskolan i G\u00e4vle.<\/p>\n\n\n\n<div class=\"is-layout-flow wp-block-query\"><ul class=\"is-layout-flow wp-block-post-template\"><li class=\"wp-block-post post-3197 post type-post status-publish format-standard has-post-thumbnail hentry category-blender\">\n<h2 class=\"wp-block-post-title\"><a href=\"https:\/\/www.niklas.folkegard.se\/?p=3197\" target=\"_self\" >Blinkande apa<\/a><\/h2>\n\n<figure class=\"alignwide wp-block-post-featured-image\"><a href=\"https:\/\/www.niklas.folkegard.se\/?p=3197\" target=\"_self\" ><img width=\"1920\" height=\"1080\" src=\"https:\/\/www.niklas.folkegard.se\/wp-content\/uploads\/2023\/02\/0231.png\" class=\"attachment-post-thumbnail size-post-thumbnail wp-post-image\" alt=\"Blinkande apa\" decoding=\"async\" loading=\"lazy\" srcset=\"https:\/\/www.niklas.folkegard.se\/wp-content\/uploads\/2023\/02\/0231.png 1920w, https:\/\/www.niklas.folkegard.se\/wp-content\/uploads\/2023\/02\/0231-300x169.png 300w, https:\/\/www.niklas.folkegard.se\/wp-content\/uploads\/2023\/02\/0231-1024x576.png 1024w, https:\/\/www.niklas.folkegard.se\/wp-content\/uploads\/2023\/02\/0231-768x432.png 768w, https:\/\/www.niklas.folkegard.se\/wp-content\/uploads\/2023\/02\/0231-1536x864.png 1536w\" sizes=\"(max-width: 1920px) 100vw, 1920px\" \/><\/a><\/figure>\n\n<div class=\"wp-block-post-excerpt\"><p class=\"wp-block-post-excerpt__excerpt\">Om du har l\u00e4st kapitlet om formf\u00f6r\u00e4ndrande animation i boken borde du kunna g\u00f6ra n\u00e5got som liknar det h\u00e4r. Apan blinkar och r\u00f6r p\u00e5 munnen med Shape Keys. \u00d6gonr\u00f6relserna styrs av en armatur med constraints som styr riktningen. <\/p><\/div>\n\n\n<hr class=\"wp-block-separator has-css-opacity\"\/>\n\n\n<div class=\"wp-block-post-date\"><time datetime=\"2022-10-21T17:05:00+02:00\">2022\/10\/21<\/time><\/div>\n<\/li><li class=\"wp-block-post post-3203 post type-post status-publish format-standard has-post-thumbnail hentry category-blender\">\n<h2 class=\"wp-block-post-title\"><a href=\"https:\/\/www.niklas.folkegard.se\/?p=3203\" target=\"_self\" >Automatiserad fokus<\/a><\/h2>\n\n<figure class=\"alignwide wp-block-post-featured-image\"><a href=\"https:\/\/www.niklas.folkegard.se\/?p=3203\" target=\"_self\" ><img width=\"1920\" height=\"1080\" src=\"https:\/\/www.niklas.folkegard.se\/wp-content\/uploads\/2023\/02\/0072.png\" class=\"attachment-post-thumbnail size-post-thumbnail wp-post-image\" alt=\"Automatiserad fokus\" decoding=\"async\" loading=\"lazy\" srcset=\"https:\/\/www.niklas.folkegard.se\/wp-content\/uploads\/2023\/02\/0072.png 1920w, https:\/\/www.niklas.folkegard.se\/wp-content\/uploads\/2023\/02\/0072-300x169.png 300w, https:\/\/www.niklas.folkegard.se\/wp-content\/uploads\/2023\/02\/0072-1024x576.png 1024w, https:\/\/www.niklas.folkegard.se\/wp-content\/uploads\/2023\/02\/0072-768x432.png 768w, https:\/\/www.niklas.folkegard.se\/wp-content\/uploads\/2023\/02\/0072-1536x864.png 1536w\" sizes=\"(max-width: 1920px) 100vw, 1920px\" \/><\/a><\/figure>\n\n<div class=\"wp-block-post-excerpt\"><p class=\"wp-block-post-excerpt__excerpt\">N\u00e4r du l\u00e4st kapitlet om automatiserad animation borde du kunna g\u00f6ra n\u00e5got liknande. Kamerans fokuspunkt f\u00f6ljer loket. <\/p><\/div>\n\n\n<hr class=\"wp-block-separator has-css-opacity\"\/>\n\n\n<div class=\"wp-block-post-date\"><time datetime=\"2022-10-18T17:14:00+02:00\">2022\/10\/18<\/time><\/div>\n<\/li><li class=\"wp-block-post post-3200 post type-post status-publish format-standard has-post-thumbnail hentry category-blender\">\n<h2 class=\"wp-block-post-title\"><a href=\"https:\/\/www.niklas.folkegard.se\/?p=3200\" target=\"_self\" >Karusell<\/a><\/h2>\n\n<figure class=\"alignwide wp-block-post-featured-image\"><a href=\"https:\/\/www.niklas.folkegard.se\/?p=3200\" target=\"_self\" ><img width=\"1920\" height=\"1080\" src=\"https:\/\/www.niklas.folkegard.se\/wp-content\/uploads\/2023\/02\/0055.png\" class=\"attachment-post-thumbnail size-post-thumbnail wp-post-image\" alt=\"Karusell\" decoding=\"async\" loading=\"lazy\" srcset=\"https:\/\/www.niklas.folkegard.se\/wp-content\/uploads\/2023\/02\/0055.png 1920w, https:\/\/www.niklas.folkegard.se\/wp-content\/uploads\/2023\/02\/0055-300x169.png 300w, https:\/\/www.niklas.folkegard.se\/wp-content\/uploads\/2023\/02\/0055-1024x576.png 1024w, https:\/\/www.niklas.folkegard.se\/wp-content\/uploads\/2023\/02\/0055-768x432.png 768w, https:\/\/www.niklas.folkegard.se\/wp-content\/uploads\/2023\/02\/0055-1536x864.png 1536w\" sizes=\"(max-width: 1920px) 100vw, 1920px\" \/><\/a><\/figure>\n\n<div class=\"wp-block-post-excerpt\"><p class=\"wp-block-post-excerpt__excerpt\">Om du l\u00e4st kapitlet om automatiserad animation borde du kunna g\u00f6ra n\u00e5got liknande. Varje aphuvud \u00e4r animerat med Cycles modifier, och alla delar \u00e4r kopplade med parenting till en animerad Empty. <\/p><\/div>\n\n\n<hr class=\"wp-block-separator has-css-opacity\"\/>\n\n\n<div class=\"wp-block-post-date\"><time datetime=\"2022-10-18T17:10:00+02:00\">2022\/10\/18<\/time><\/div>\n<\/li><\/ul><\/div>\n\n\n\n<p><\/p>\n","protected":false},"excerpt":{"rendered":"<p>Blender \u00e4r ett m\u00e5ngsidigt verktyg f\u00f6r 3D-grafik, animation, specialeffekter och mycket mer. Det har \u00f6ppen k\u00e4llkod och \u00e4r gratis att ladda ner. Jag undervisar i Blender 3D p\u00e5 H\u00f6gskolan i G\u00e4vle. Det \u00e4r en 7,5 hp-kurs som g\u00e5r p\u00e5 kvartsfart och som brukar g\u00e5 p\u00e5 h\u00f6stterminen. L\u00e4s mer om kursen p\u00e5 open3dcourse.se eller g\u00e5 direkt [&hellip;]<\/p>\n","protected":false},"author":3,"featured_media":0,"parent":0,"menu_order":2,"comment_status":"closed","ping_status":"closed","template":"","meta":{"ngg_post_thumbnail":0},"_links":{"self":[{"href":"https:\/\/www.niklas.folkegard.se\/index.php?rest_route=\/wp\/v2\/pages\/3166"}],"collection":[{"href":"https:\/\/www.niklas.folkegard.se\/index.php?rest_route=\/wp\/v2\/pages"}],"about":[{"href":"https:\/\/www.niklas.folkegard.se\/index.php?rest_route=\/wp\/v2\/types\/page"}],"author":[{"embeddable":true,"href":"https:\/\/www.niklas.folkegard.se\/index.php?rest_route=\/wp\/v2\/users\/3"}],"replies":[{"embeddable":true,"href":"https:\/\/www.niklas.folkegard.se\/index.php?rest_route=%2Fwp%2Fv2%2Fcomments&post=3166"}],"version-history":[{"count":6,"href":"https:\/\/www.niklas.folkegard.se\/index.php?rest_route=\/wp\/v2\/pages\/3166\/revisions"}],"predecessor-version":[{"id":3207,"href":"https:\/\/www.niklas.folkegard.se\/index.php?rest_route=\/wp\/v2\/pages\/3166\/revisions\/3207"}],"wp:attachment":[{"href":"https:\/\/www.niklas.folkegard.se\/index.php?rest_route=%2Fwp%2Fv2%2Fmedia&parent=3166"}],"curies":[{"name":"wp","href":"https:\/\/api.w.org\/{rel}","templated":true}]}}