{"id":13,"date":"2009-10-01T18:54:31","date_gmt":"2009-10-01T16:54:31","guid":{"rendered":"http:\/\/www.niklas.folkegard.se\/wordpress\/?page_id=13"},"modified":"2023-02-24T16:42:50","modified_gmt":"2023-02-24T14:42:50","slug":"animation","status":"publish","type":"page","link":"https:\/\/www.niklas.folkegard.se\/?page_id=13","title":{"rendered":"animation"},"content":{"rendered":"\n<p>Jag g\u00f6r animation i 3d och 2d, g\u00e4rna i tekniker d\u00e4r jag f\u00e5r blanda manuella metoder och digitala knep. N\u00e4stan varje g\u00e5ng anv\u00e4nder jag Blender f\u00f6r de digitala knepen. H\u00e4r l\u00e4gger jag upp en del av de animationer jag publicerat.<\/p>\n\n\n\n<div class=\"is-layout-flow wp-block-query\"><ul class=\"is-layout-flow wp-block-post-template\"><li class=\"wp-block-post post-3251 post type-post status-publish format-standard has-post-thumbnail hentry category-animation\">\n<h2 class=\"wp-block-post-title\"><a href=\"https:\/\/www.niklas.folkegard.se\/?p=3251\" target=\"_self\" >Kompostkalas<\/a><\/h2>\n\n<figure class=\"alignwide wp-block-post-featured-image\"><a href=\"https:\/\/www.niklas.folkegard.se\/?p=3251\" target=\"_self\" ><img width=\"1922\" height=\"1920\" src=\"https:\/\/www.niklas.folkegard.se\/wp-content\/uploads\/2025\/02\/kompostkalas_youtube_bild.png\" class=\"attachment-post-thumbnail size-post-thumbnail wp-post-image\" alt=\"Kompostkalas\" decoding=\"async\" loading=\"lazy\" srcset=\"https:\/\/www.niklas.folkegard.se\/wp-content\/uploads\/2025\/02\/kompostkalas_youtube_bild.png 1922w, https:\/\/www.niklas.folkegard.se\/wp-content\/uploads\/2025\/02\/kompostkalas_youtube_bild-300x300.png 300w, https:\/\/www.niklas.folkegard.se\/wp-content\/uploads\/2025\/02\/kompostkalas_youtube_bild-1024x1024.png 1024w, https:\/\/www.niklas.folkegard.se\/wp-content\/uploads\/2025\/02\/kompostkalas_youtube_bild-150x150.png 150w, https:\/\/www.niklas.folkegard.se\/wp-content\/uploads\/2025\/02\/kompostkalas_youtube_bild-768x767.png 768w, https:\/\/www.niklas.folkegard.se\/wp-content\/uploads\/2025\/02\/kompostkalas_youtube_bild-1536x1534.png 1536w\" sizes=\"(max-width: 1922px) 100vw, 1922px\" \/><\/a><\/figure>\n\n<div class=\"wp-block-post-excerpt\"><p class=\"wp-block-post-excerpt__excerpt\">Jag g\u00f6r korta animationer till Rassel Prassel, ett album med tonsatta dikter av Hanna Lundstr\u00f6m. Josefin Lindstrand har gjort musiken. H\u00e4r \u00e4r singel nummer tre: Kompostkalas. Skivan kommer 15 mars! Credits Text: Hanna Lundstr\u00f6mMusik: Josefine LindstrandS\u00e5ng: Per WernolfGitarr: Petter N\u00e4seTrummor: Fredrik MyhrKontrabas: P\u00e4r-Ola LandinK\u00f6rer, piano, keys: Josefine LindstrandMix: Jens Lindg\u00e5rdInspelat i Isby Recording av Patrik [&hellip;] <\/p><\/div>\n\n\n<hr class=\"wp-block-separator has-css-opacity\"\/>\n\n\n<div class=\"wp-block-post-date\"><time datetime=\"2025-02-28T11:10:38+02:00\">2025\/02\/28<\/time><\/div>\n<\/li><li class=\"wp-block-post post-3247 post type-post status-publish format-standard has-post-thumbnail hentry category-animation\">\n<h2 class=\"wp-block-post-title\"><a href=\"https:\/\/www.niklas.folkegard.se\/?p=3247\" target=\"_self\" >Du \u00c4r<\/a><\/h2>\n\n<figure class=\"alignwide wp-block-post-featured-image\"><a href=\"https:\/\/www.niklas.folkegard.se\/?p=3247\" target=\"_self\" ><img width=\"1920\" height=\"1920\" src=\"https:\/\/www.niklas.folkegard.se\/wp-content\/uploads\/2025\/02\/youtube_still_start-1.png\" class=\"attachment-post-thumbnail size-post-thumbnail wp-post-image\" alt=\"Du \u00c4r\" decoding=\"async\" loading=\"lazy\" srcset=\"https:\/\/www.niklas.folkegard.se\/wp-content\/uploads\/2025\/02\/youtube_still_start-1.png 1920w, https:\/\/www.niklas.folkegard.se\/wp-content\/uploads\/2025\/02\/youtube_still_start-1-300x300.png 300w, https:\/\/www.niklas.folkegard.se\/wp-content\/uploads\/2025\/02\/youtube_still_start-1-1024x1024.png 1024w, https:\/\/www.niklas.folkegard.se\/wp-content\/uploads\/2025\/02\/youtube_still_start-1-150x150.png 150w, https:\/\/www.niklas.folkegard.se\/wp-content\/uploads\/2025\/02\/youtube_still_start-1-768x768.png 768w, https:\/\/www.niklas.folkegard.se\/wp-content\/uploads\/2025\/02\/youtube_still_start-1-1536x1536.png 1536w\" sizes=\"(max-width: 1920px) 100vw, 1920px\" \/><\/a><\/figure>\n\n<div class=\"wp-block-post-excerpt\"><p class=\"wp-block-post-excerpt__excerpt\">Jag g\u00f6r korta animationer till Rassel Prassel, ett album med tonsatta dikter av Hanna Lundstr\u00f6m. Josefin Lindstrand har gjort musiken. H\u00e4r \u00e4r singel nummer tv\u00e5: Du \u00c4r. Credits Musik av: Josefine Lindstrand Text: Hanna Lundstr\u00f6m S\u00e5ng: Per Wernolf,Signe Myhr Tv\u00e4rfl\u00f6jt: Thomas Backman Bas: Per-Ola Landin Slagverk: Fredrik Myhr Steama musiken h\u00e4r. <\/p><\/div>\n\n\n<hr class=\"wp-block-separator has-css-opacity\"\/>\n\n\n<div class=\"wp-block-post-date\"><time datetime=\"2025-02-10T14:23:45+02:00\">2025\/02\/10<\/time><\/div>\n<\/li><li class=\"wp-block-post post-3243 post type-post status-publish format-standard has-post-thumbnail hentry category-animation\">\n<h2 class=\"wp-block-post-title\"><a href=\"https:\/\/www.niklas.folkegard.se\/?p=3243\" target=\"_self\" >G\u00e5 ut och kolla in<\/a><\/h2>\n\n<figure class=\"alignwide wp-block-post-featured-image\"><a href=\"https:\/\/www.niklas.folkegard.se\/?p=3243\" target=\"_self\" ><img width=\"1922\" height=\"1920\" src=\"https:\/\/www.niklas.folkegard.se\/wp-content\/uploads\/2025\/02\/youtube_still_start.png\" class=\"attachment-post-thumbnail size-post-thumbnail wp-post-image\" alt=\"G\u00e5 ut och kolla in\" decoding=\"async\" loading=\"lazy\" srcset=\"https:\/\/www.niklas.folkegard.se\/wp-content\/uploads\/2025\/02\/youtube_still_start.png 1922w, https:\/\/www.niklas.folkegard.se\/wp-content\/uploads\/2025\/02\/youtube_still_start-300x300.png 300w, https:\/\/www.niklas.folkegard.se\/wp-content\/uploads\/2025\/02\/youtube_still_start-1024x1024.png 1024w, https:\/\/www.niklas.folkegard.se\/wp-content\/uploads\/2025\/02\/youtube_still_start-150x150.png 150w, https:\/\/www.niklas.folkegard.se\/wp-content\/uploads\/2025\/02\/youtube_still_start-768x767.png 768w, https:\/\/www.niklas.folkegard.se\/wp-content\/uploads\/2025\/02\/youtube_still_start-1536x1534.png 1536w\" sizes=\"(max-width: 1922px) 100vw, 1922px\" \/><\/a><\/figure>\n\n<div class=\"wp-block-post-excerpt\"><p class=\"wp-block-post-excerpt__excerpt\">Jag g\u00f6r korta animationer till Rassel Prassel, ett album med tonsatta dikter av Hanna Lundstr\u00f6m. Josefine Lindstrand har gjort musiken. Credits Text: Hanna Lundstr\u00f6m Musik: Josefine Lindstrand Produktion: Josefine Lindstrand Mix: Jens Lindg\u00e5rd Animerad video: Niklas Folkeg\u00e5rd S\u00e5ng: Per Wernolf, Josefine Lindstrand, Folke Myhr, Signe Myhr Kontrabas: P\u00e4r-Ola Landin Fl\u00f6jt, klarinett: Thomas Backman Trummor, slagverk: [&hellip;] <\/p><\/div>\n\n\n<hr class=\"wp-block-separator has-css-opacity\"\/>\n\n\n<div class=\"wp-block-post-date\"><time datetime=\"2025-02-07T13:29:54+02:00\">2025\/02\/07<\/time><\/div>\n<\/li><\/ul><\/div>\n\n\n\n<p><\/p>\n\n\n\n<p>Min <a title=\"Kursens hemsida (extern l\u00e4nk)\" href=\"http:\/\/www.open3dcourse.se\/\">distanskurs i animation<\/a> g\u00e5r hos H\u00f6gskolan i G\u00e4vle och startar p\u00e5 h\u00f6stterminen. D\u00e4r f\u00e5r du l\u00e4ra dig grunderna i <a title=\"Blenders hemsida (extern l\u00e4nk)\" href=\"http:\/\/www.blender.org\/\">Blender 3D<\/a>.<\/p>\n\n\n\n<p>Jag kan \u00e4ven g\u00f6ra kortare workshops p\u00e5 best\u00e4llning.<\/p>\n\n\n\n<p>Under h\u00f6sten 2015 till v\u00e5ren 2017 kommer jag att delta i <a href=\"https:\/\/www.facebook.com\/GillaProjektverkstan\/\">Projektverkstan<\/a> och Vidareverkstan f\u00f6r att ta fram manus och producera en eller flera egna kortfilmer.<\/p>\n\n\n\n<p>H\u00e4r \u00e4r den f\u00f6rsta. Jag beh\u00f6vde g\u00f6ra en snabb och mycket kort film f\u00f6r att sparka ig\u00e5ng mig sj\u00e4lv. M\u00e5let var att arbetet skulle g\u00e5 fort. S\u00e5 alla fel i teknik och ber\u00e4ttelse skyller jag bekv\u00e4mt nog p\u00e5 det!<\/p>\n\n\n\n<figure class=\"wp-block-embed is-type-video is-provider-youtube wp-block-embed-youtube wp-embed-aspect-16-9 wp-has-aspect-ratio\"><div class=\"wp-block-embed__wrapper\">\n<iframe loading=\"lazy\" title=\"kaos \u00e4r granne med gud\" width=\"500\" height=\"281\" src=\"https:\/\/www.youtube.com\/embed\/MRa70ivgXdY?feature=oembed\" frameborder=\"0\" allow=\"accelerometer; autoplay; clipboard-write; encrypted-media; gyroscope; picture-in-picture; web-share\" allowfullscreen><\/iframe>\n<\/div><\/figure>\n\n\n\n<p>Arbetet med den l\u00e4ngre filmen (den kommer att bli cirka 5 minuter) g\u00e5r fram\u00e5t med myrsteg. Jag har manus, bildmanus och en halvf\u00e4rdig animatic. Filmen handlar om en tant som ska b\u00f6rja tr\u00e4na och skriver kontrakt med dj\u00e4vulen. Jag ska prova olika konceptstilar innan jag s\u00e4tter ig\u00e5ng med den skarpa versionen. H\u00e4r \u00e4r en version som jag gjorde p\u00e5 liknande s\u00e4tt som den f\u00f6rra filmen &#8212; jag b\u00f6rjar i plastlera f\u00f6r att sedan modellera av i 3d.<\/p>\n\n\n\n<figure class=\"wp-block-image alignnone\"><img decoding=\"async\" src=\"https:\/\/pbs.twimg.com\/media\/CdpaG89W8AAPMx1.jpg\" alt=\"\"\/><figcaption class=\"wp-element-caption\">Tant Tjock, ull och akryl p\u00e5 modellera. Bakgrund, akryl p\u00e5 duk.<\/figcaption><\/figure>\n\n\n\n<p>Det kommer mer fr\u00e5n den h\u00e4r filmen snart. Men idag l\u00e4gger jag upp ett kundprojekt. Marsvinsholmsteatern bad mig g\u00f6ra en animerad version av affischen f\u00f6r deras f\u00f6rest\u00e4llning Pastor Qvist. H\u00e4r \u00e4r den:<\/p>\n\n\n\n<p>&nbsp;<br><iframe loading=\"lazy\" src=\"https:\/\/www.youtube.com\/embed\/hZ7SeHKOwSM?rel=0&amp;autoplay=1\" allowfullscreen=\"allowfullscreen\" width=\"357\" height=\"500\" frameborder=\"0\"><\/iframe><br>&nbsp;<\/p>\n\n\n\n<p>H\u00e4r \u00e4r en snabb grej jag gjorde f\u00f6r att testa Blenders Skin Modifier d\u00e4r man kan bygga upp en form snabbt med hj\u00e4lp av n\u00e5gra streck, och sculpt-l\u00e4get d\u00e4r man kan skulptera detaljer i datorn. Sen gjorde jag en snabb walk cycle f\u00f6r jag ville se hur fort jag kan jobba fr\u00e5n skiss till animation. Det h\u00e4r tog n\u00e5gra timmar, men om jag \u00f6var p\u00e5 tekniken kommer det att g\u00e5 fortare! Karakt\u00e4ren kommer att vara personlig tr\u00e4nare i filmen om Tant Tjock.<\/p>\n\n\n\n<figure class=\"wp-block-embed is-type-video is-provider-youtube wp-block-embed-youtube wp-embed-aspect-16-9 wp-has-aspect-ratio\"><div class=\"wp-block-embed__wrapper\">\n<iframe loading=\"lazy\" title=\"Satan g\u00e5r\" width=\"500\" height=\"281\" src=\"https:\/\/www.youtube.com\/embed\/WSROu_0K0ow?feature=oembed\" frameborder=\"0\" allow=\"accelerometer; autoplay; clipboard-write; encrypted-media; gyroscope; picture-in-picture; web-share\" allowfullscreen><\/iframe>\n<\/div><\/figure>\n\n\n\n<p>H\u00e4r \u00e4r ett test med huvudkarakt\u00e4ren i (n\u00e4stan) f\u00e4rdigt skick. Material och ljudeffekter \u00e4r h\u00e4mtade ur matv\u00e4rlden. Kl\u00e4nningen \u00e4r gjord av Top Hat-papper. Tightsen \u00e4r av sj\u00e4lva struten. Skorna \u00e4r gjorda av Snickers. I bakgrunden st\u00e5r tr\u00e4d, vars stammar \u00e4r av Kexchoklad och l\u00f6ven \u00e4r gr\u00f6na chips. Molnen \u00e4r popcorn. Ljudet av tantens steg \u00e4r smulade ostb\u00e5gar. I slutet av klippet kan man se den grova modellskiss jag jobbade med f\u00f6r den senaste animatic-versionen. Det \u00e4r min kompis Uje Brandelius som har gjort musiken. Tack f\u00f6r den!<\/p>\n\n\n\n<figure class=\"wp-block-embed is-type-video is-provider-youtube wp-block-embed-youtube wp-embed-aspect-16-9 wp-has-aspect-ratio\"><div class=\"wp-block-embed__wrapper\">\n<iframe loading=\"lazy\" title=\"Tant Tjock, starttest\" width=\"500\" height=\"281\" src=\"https:\/\/www.youtube.com\/embed\/QGWL1a5njcs?feature=oembed\" frameborder=\"0\" allow=\"accelerometer; autoplay; clipboard-write; encrypted-media; gyroscope; picture-in-picture; web-share\" allowfullscreen><\/iframe>\n<\/div><\/figure>\n","protected":false},"excerpt":{"rendered":"<p>Jag g\u00f6r animation i 3d och 2d, g\u00e4rna i tekniker d\u00e4r jag f\u00e5r blanda manuella metoder och digitala knep. N\u00e4stan varje g\u00e5ng anv\u00e4nder jag Blender f\u00f6r de digitala knepen. H\u00e4r l\u00e4gger jag upp en del av de animationer jag publicerat. Min distanskurs i animation g\u00e5r hos H\u00f6gskolan i G\u00e4vle och startar p\u00e5 h\u00f6stterminen. D\u00e4r f\u00e5r [&hellip;]<\/p>\n","protected":false},"author":3,"featured_media":0,"parent":0,"menu_order":0,"comment_status":"closed","ping_status":"closed","template":"","meta":{"ngg_post_thumbnail":0},"_links":{"self":[{"href":"https:\/\/www.niklas.folkegard.se\/index.php?rest_route=\/wp\/v2\/pages\/13"}],"collection":[{"href":"https:\/\/www.niklas.folkegard.se\/index.php?rest_route=\/wp\/v2\/pages"}],"about":[{"href":"https:\/\/www.niklas.folkegard.se\/index.php?rest_route=\/wp\/v2\/types\/page"}],"author":[{"embeddable":true,"href":"https:\/\/www.niklas.folkegard.se\/index.php?rest_route=\/wp\/v2\/users\/3"}],"replies":[{"embeddable":true,"href":"https:\/\/www.niklas.folkegard.se\/index.php?rest_route=%2Fwp%2Fv2%2Fcomments&post=13"}],"version-history":[{"count":21,"href":"https:\/\/www.niklas.folkegard.se\/index.php?rest_route=\/wp\/v2\/pages\/13\/revisions"}],"predecessor-version":[{"id":3190,"href":"https:\/\/www.niklas.folkegard.se\/index.php?rest_route=\/wp\/v2\/pages\/13\/revisions\/3190"}],"wp:attachment":[{"href":"https:\/\/www.niklas.folkegard.se\/index.php?rest_route=%2Fwp%2Fv2%2Fmedia&parent=13"}],"curies":[{"name":"wp","href":"https:\/\/api.w.org\/{rel}","templated":true}]}}