{"id":11,"date":"2009-10-01T18:53:38","date_gmt":"2009-10-01T16:53:38","guid":{"rendered":"http:\/\/www.niklas.folkegard.se\/wordpress\/?page_id=11"},"modified":"2024-07-15T06:20:58","modified_gmt":"2024-07-15T04:20:58","slug":"hittills","status":"publish","type":"page","link":"https:\/\/www.niklas.folkegard.se\/?page_id=11","title":{"rendered":"om mig"},"content":{"rendered":"<p>Jag f\u00f6ddes 1971 i <strong>G\u00e4vle<\/strong>. I b\u00f6rjan av 80-talet s\u00e5g jag TV-serien <strong>Fame<\/strong> och best\u00e4mde mig f\u00f6r att bli artist. Egentligen ville jag bli <strong>Leroy<\/strong> men jag hade inte kroppen f\u00f6r det och inte heller orken att skaffa kroppen.<br \/>\nJag jobbade som <strong>gatuartist, sv\u00e4rdslukare, ukulelefantom<\/strong> och <strong>devilstickjongl\u00f6r<\/strong>. I variet\u00e9gruppen <strong>Vazir<\/strong> \u00e4lskade jag att hitta p\u00e5 bisarra <strong>trix<\/strong> och skriva roliga <strong>sketcher<\/strong> och s\u00e5nger. Vi turnerade omkring i Sverige, gjorde egna scenproduktioner och hade v\u00e4ldigt roligt! N\u00e4r kollegorna \u00e5kte till Oslo f\u00f6r att jobba ett \u00e5r p\u00e5 Wallmans Salonger passade jag p\u00e5 att byta bana och b\u00f6rjade turnera som <strong>st\u00e5upp-komiker<\/strong>. Jag varvade turnerandet med diverse <strong>radioframtr\u00e4danden<\/strong>, skrev och bearbetade <strong>manus<\/strong> och gjorde \u00e4ven en kortare show med <strong>trolleri<\/strong> trots att jag egentligen inte kan trolla. 2013 fick jag barn. Jag ville vara hemma p\u00e5 kv\u00e4llarna och slutade upptr\u00e4da helt. Ok, jag g\u00f6r n\u00e5t litet rostigt framtr\u00e4dande ibland typ vartannat \u00e5r.<\/p>\n<p>Jag forts\u00e4tter att skapa men jobbar ist\u00e4llet med <strong>bild och animation<\/strong>, det \u00e4r g\u00f6rbart dygnets alla timmar och fungerar b\u00e4ttre med livspusslet. Och jag hade passat p\u00e5 att l\u00e4ra mig s\u00e5nt mitt i variet\u00e9karri\u00e4ren. 2001 kom jag in p\u00e5 utbildningen <strong>Kreativ Programmering<\/strong>, p\u00e5 H\u00f6gskolan i G\u00e4vle d\u00e4r jag bland annat l\u00e4rde mig <strong>3d-animation, programmering, datorgrafik, spelteori<\/strong> och <strong>icke-linj\u00e4r dramaturgi<\/strong>. Jag kastade mig in med huvet f\u00f6re och fick jobba h\u00e5rt i tre \u00e5r. Jag blev bra p\u00e5 <strong>Maya<\/strong>, undervisade i <strong>MEL-script<\/strong> och jobbade som <strong>programmerare<\/strong> p\u00e5 <strong>Creative Media Lab<\/strong>. Jag l\u00e4rde mig <strong>Blender<\/strong> 2004 och har sedan dess arbetat med programmet som kreat\u00f6r, utbildare och utvecklare. Idag \u00e4r Blender ett av de st\u00f6rsta verktygen i branschen, mycket tack vare att det har \u00f6ppen k\u00e4llkod och en engagerad bas av gr\u00e4srotsanv\u00e4ndare. Min kurs &#8220;<strong>3d-modellering och animation i open source-milj\u00f6<\/strong>&#8221; tar emot cirka 300 studenter varje l\u00e4s\u00e5r och g\u00e5r igenom grunderna i modellering och animation. Allt sker p\u00e5 distans och kursen \u00e4r den st\u00f6rsta i Sverige inom digital 3d-animation. 2022 gav <strong>Studentlitteratur<\/strong> ut min bok &#8220;<strong>3D-grafik med Blender &#8212; Modellering, rendering och animation<\/strong>&#8220;. 2024 kom en omarbetad version ut. Jag har gjort nya illustrationer och bokens layout \u00e4r skapad med <a href=\"https:\/\/www.latex-project.org\/\">LaTeX<\/a>.<\/p>\n","protected":false},"excerpt":{"rendered":"<p>Jag f\u00f6ddes 1971 i G\u00e4vle. I b\u00f6rjan av 80-talet s\u00e5g jag TV-serien Fame och best\u00e4mde mig f\u00f6r att bli artist. Egentligen ville jag bli Leroy men jag hade inte kroppen f\u00f6r det och inte heller orken att skaffa kroppen. Jag jobbade som gatuartist, sv\u00e4rdslukare, ukulelefantom och devilstickjongl\u00f6r. I variet\u00e9gruppen Vazir \u00e4lskade jag att hitta p\u00e5 [&hellip;]<\/p>\n","protected":false},"author":3,"featured_media":0,"parent":0,"menu_order":3,"comment_status":"closed","ping_status":"open","template":"","meta":{"ngg_post_thumbnail":0},"_links":{"self":[{"href":"https:\/\/www.niklas.folkegard.se\/index.php?rest_route=\/wp\/v2\/pages\/11"}],"collection":[{"href":"https:\/\/www.niklas.folkegard.se\/index.php?rest_route=\/wp\/v2\/pages"}],"about":[{"href":"https:\/\/www.niklas.folkegard.se\/index.php?rest_route=\/wp\/v2\/types\/page"}],"author":[{"embeddable":true,"href":"https:\/\/www.niklas.folkegard.se\/index.php?rest_route=\/wp\/v2\/users\/3"}],"replies":[{"embeddable":true,"href":"https:\/\/www.niklas.folkegard.se\/index.php?rest_route=%2Fwp%2Fv2%2Fcomments&post=11"}],"version-history":[{"count":13,"href":"https:\/\/www.niklas.folkegard.se\/index.php?rest_route=\/wp\/v2\/pages\/11\/revisions"}],"predecessor-version":[{"id":3241,"href":"https:\/\/www.niklas.folkegard.se\/index.php?rest_route=\/wp\/v2\/pages\/11\/revisions\/3241"}],"wp:attachment":[{"href":"https:\/\/www.niklas.folkegard.se\/index.php?rest_route=%2Fwp%2Fv2%2Fmedia&parent=11"}],"curies":[{"name":"wp","href":"https:\/\/api.w.org\/{rel}","templated":true}]}}